{"id":203,"date":"2025-09-04T20:57:48","date_gmt":"2025-09-04T20:57:48","guid":{"rendered":"https:\/\/www.photoart.works\/?page_id=203"},"modified":"2025-09-04T21:27:32","modified_gmt":"2025-09-04T21:27:32","slug":"info-pa-w","status":"publish","type":"page","link":"https:\/\/www.photoart.works\/?page_id=203","title":{"rendered":""},"content":{"rendered":"\t\t<div data-elementor-type=\"wp-page\" data-elementor-id=\"203\" class=\"elementor elementor-203\">\n\t\t\t\t<div class=\"elementor-element elementor-element-eeee0c8 e-flex e-con-boxed e-con e-parent\" data-id=\"eeee0c8\" data-element_type=\"container\" data-e-type=\"container\">\n\t\t\t\t\t<div class=\"e-con-inner\">\n\t\t\t\t<div class=\"elementor-element elementor-element-72ca546 elementor-widget elementor-widget-text-editor\" data-id=\"72ca546\" data-element_type=\"widget\" data-e-type=\"widget\" data-widget_type=\"text-editor.default\">\n\t\t\t\t<div class=\"elementor-widget-container\">\n\t\t\t\t\t\t\t\t\t<h3 style=\"text-align: center;\"><span style=\"color: #339966;\">informace o:\u00a0 www.photoART.works<\/span><\/h3>\t\t\t\t\t\t\t\t<\/div>\n\t\t\t\t<\/div>\n\t\t\t\t\t<\/div>\n\t\t\t\t<\/div>\n\t\t<div class=\"elementor-element elementor-element-cbe2bd5 e-flex e-con-boxed e-con e-parent\" data-id=\"cbe2bd5\" data-element_type=\"container\" data-e-type=\"container\">\n\t\t\t\t\t<div class=\"e-con-inner\">\n\t\t\t\t<div class=\"elementor-element elementor-element-6fe1fee elementor-widget elementor-widget-text-editor\" data-id=\"6fe1fee\" data-element_type=\"widget\" data-e-type=\"widget\" data-widget_type=\"text-editor.default\">\n\t\t\t\t<div class=\"elementor-widget-container\">\n\t\t\t\t\t\t\t\t\t<p style=\"text-align: center;\">Jsem fotograf, grafik, fotomal\u00ed\u0159 &#8230; ale co&#8230;<br \/>&#8212;<br \/>Pod\u00edvejte se na to co d\u011bl\u00e1m a jestli se v\u00e1m to l\u00edb\u00ed a jestli mysl\u00edte, \u017ee v\u00e1m mohu ud\u011blat p\u011bkn\u00e9 obr\u00e1zky, no tak zavolejte nebo napi\u0161te a ur\u010dit\u011b se domluv\u00edme.<br \/>&#8212;<br \/>Fotografuji v\u00edce jak 40 let a 30 let se v\u011bnuji digit\u00e1ln\u00edm obr\u00e1zk\u016fm.<br \/>&#8212;<br \/>M\u00e1te star\u00e9 fotografie. kter\u00e9 jsou rozl\u00e1man\u00e9, vybledl\u00e9, okousan\u00e9, po\u010dm\u00e1ran\u00e9 s degradovan\u00fdmi barvami \u010di co j\u00e1 v\u00edm, prost\u011b obr\u00e1zky, kter\u00e9 jdou do kopru, ale jsou to va\u0161e vzpom\u00ednky, kter\u00e9 chcete zachovat?<br \/>Tak to jste tady spr\u00e1vn\u011b.<br \/>R\u00e1d v\u00e1m pomohu.<br \/>&#8212;<br \/>Pot\u0159ebujete portr\u00e9t, vyfotografovat svatbu nebo chcete produktovou nebo event fotografii?<br \/>Tak to jste zde tak\u00e9 spr\u00e1vn\u011b.<br \/><br \/><\/p>\t\t\t\t\t\t\t\t<\/div>\n\t\t\t\t<\/div>\n\t\t\t\t\t<\/div>\n\t\t\t\t<\/div>\n\t\t\t\t<\/div>\n\t\t","protected":false},"excerpt":{"rendered":"<p>informace o:\u00a0 www.photoART.works Jsem fotograf, grafik, fotomal\u00ed\u0159 &#8230; ale co&#8230;&#8212;Pod\u00edvejte se na to co d\u011bl\u00e1m a jestli se v\u00e1m to l\u00edb\u00ed a jestli mysl\u00edte, \u017ee v\u00e1m mohu ud\u011blat p\u011bkn\u00e9 obr\u00e1zky, no tak zavolejte nebo napi\u0161te a ur\u010dit\u011b se domluv\u00edme.&#8212;Fotografuji v\u00edce jak 40 let a 30 let se v\u011bnuji digit\u00e1ln\u00edm obr\u00e1zk\u016fm.&#8212;M\u00e1te star\u00e9 fotografie. kter\u00e9 jsou rozl\u00e1man\u00e9, &hellip; <\/p>\n<p class=\"link-more\"><a href=\"https:\/\/www.photoart.works\/?page_id=203\" class=\"more-link\">Read more<span class=\"screen-reader-text\"> &#8222;&#8220;<\/span><\/a><\/p>\n","protected":false},"author":1,"featured_media":0,"parent":0,"menu_order":0,"comment_status":"closed","ping_status":"closed","template":"","meta":{"inspiro_hide_title":false,"footnotes":""},"class_list":["post-203","page","type-page","status-publish","hentry"],"_links":{"self":[{"href":"https:\/\/www.photoart.works\/index.php?rest_route=\/wp\/v2\/pages\/203","targetHints":{"allow":["GET"]}}],"collection":[{"href":"https:\/\/www.photoart.works\/index.php?rest_route=\/wp\/v2\/pages"}],"about":[{"href":"https:\/\/www.photoart.works\/index.php?rest_route=\/wp\/v2\/types\/page"}],"author":[{"embeddable":true,"href":"https:\/\/www.photoart.works\/index.php?rest_route=\/wp\/v2\/users\/1"}],"replies":[{"embeddable":true,"href":"https:\/\/www.photoart.works\/index.php?rest_route=%2Fwp%2Fv2%2Fcomments&post=203"}],"version-history":[{"count":35,"href":"https:\/\/www.photoart.works\/index.php?rest_route=\/wp\/v2\/pages\/203\/revisions"}],"predecessor-version":[{"id":239,"href":"https:\/\/www.photoart.works\/index.php?rest_route=\/wp\/v2\/pages\/203\/revisions\/239"}],"wp:attachment":[{"href":"https:\/\/www.photoart.works\/index.php?rest_route=%2Fwp%2Fv2%2Fmedia&parent=203"}],"curies":[{"name":"wp","href":"https:\/\/api.w.org\/{rel}","templated":true}]}}