{"id":195,"date":"2025-09-04T20:53:49","date_gmt":"2025-09-04T20:53:49","guid":{"rendered":"https:\/\/www.photoart.works\/?page_id=195"},"modified":"2025-09-04T21:46:34","modified_gmt":"2025-09-04T21:46:34","slug":"elementor-195","status":"publish","type":"page","link":"https:\/\/www.photoart.works\/?page_id=195","title":{"rendered":"Obchod"},"content":{"rendered":"\t\t<div data-elementor-type=\"wp-page\" data-elementor-id=\"195\" class=\"elementor elementor-195\">\n\t\t\t\t<div class=\"elementor-element elementor-element-099a79d e-flex e-con-boxed e-con e-parent\" data-id=\"099a79d\" data-element_type=\"container\" data-e-type=\"container\">\n\t\t\t\t\t<div class=\"e-con-inner\">\n\t\t\t\t<div class=\"elementor-element elementor-element-7345c38 elementor-widget elementor-widget-text-editor\" data-id=\"7345c38\" data-element_type=\"widget\" data-e-type=\"widget\" data-widget_type=\"text-editor.default\">\n\t\t\t\t<div class=\"elementor-widget-container\">\n\t\t\t\t\t\t\t\t\t<p style=\"text-align: center;\">&#8222;<strong>photoART<\/strong>&#8220; nen\u00ed fabrika, ale um\u011bleck\u00e1 d\u00edlna, kter\u00e1 pracuje pro individu\u00e1ln\u00ed z\u00e1kazn\u00edky.<br \/>&#8212;<br \/>Chcete-li zachr\u00e1nit, retu\u0161ovat, kolorovat, vytisknout nebo jinak o\u0161et\u0159it va\u0161i fotografii, diapozitiv, obr\u00e1zek atd. tak nev\u00e1hejte kontaktovat:<br \/><strong>Tom\u00e1\u0161 Horyna<\/strong><br \/>Tel.: 777 721 400<br \/><a href=\"mailto:tomas@photoart.works\">tomas@photoart.works<\/a><\/p>\t\t\t\t\t\t\t\t<\/div>\n\t\t\t\t<\/div>\n\t\t\t\t\t<\/div>\n\t\t\t\t<\/div>\n\t\t\t\t<\/div>\n\t\t","protected":false},"excerpt":{"rendered":"<p>&#8222;photoART&#8220; nen\u00ed fabrika, ale um\u011bleck\u00e1 d\u00edlna, kter\u00e1 pracuje pro individu\u00e1ln\u00ed z\u00e1kazn\u00edky.&#8212;Chcete-li zachr\u00e1nit, retu\u0161ovat, kolorovat, vytisknout nebo jinak o\u0161et\u0159it va\u0161i fotografii, diapozitiv, obr\u00e1zek atd. tak nev\u00e1hejte kontaktovat:Tom\u00e1\u0161 HorynaTel.: 777 721 400tomas@photoart.works<\/p>\n","protected":false},"author":1,"featured_media":0,"parent":0,"menu_order":0,"comment_status":"closed","ping_status":"closed","template":"","meta":{"inspiro_hide_title":false,"footnotes":""},"class_list":["post-195","page","type-page","status-publish","hentry"],"_links":{"self":[{"href":"https:\/\/www.photoart.works\/index.php?rest_route=\/wp\/v2\/pages\/195","targetHints":{"allow":["GET"]}}],"collection":[{"href":"https:\/\/www.photoart.works\/index.php?rest_route=\/wp\/v2\/pages"}],"about":[{"href":"https:\/\/www.photoart.works\/index.php?rest_route=\/wp\/v2\/types\/page"}],"author":[{"embeddable":true,"href":"https:\/\/www.photoart.works\/index.php?rest_route=\/wp\/v2\/users\/1"}],"replies":[{"embeddable":true,"href":"https:\/\/www.photoart.works\/index.php?rest_route=%2Fwp%2Fv2%2Fcomments&post=195"}],"version-history":[{"count":29,"href":"https:\/\/www.photoart.works\/index.php?rest_route=\/wp\/v2\/pages\/195\/revisions"}],"predecessor-version":[{"id":264,"href":"https:\/\/www.photoart.works\/index.php?rest_route=\/wp\/v2\/pages\/195\/revisions\/264"}],"wp:attachment":[{"href":"https:\/\/www.photoart.works\/index.php?rest_route=%2Fwp%2Fv2%2Fmedia&parent=195"}],"curies":[{"name":"wp","href":"https:\/\/api.w.org\/{rel}","templated":true}]}}